{"id":9,"date":"2026-02-03T17:38:25","date_gmt":"2026-02-03T17:38:25","guid":{"rendered":"https:\/\/lanlogistics.com.mx\/blog\/index.php\/front_page\/"},"modified":"2026-02-25T20:21:31","modified_gmt":"2026-02-25T20:21:31","slug":"front_page","status":"publish","type":"page","link":"https:\/\/lanlogistics.com.mx\/blog\/","title":{"rendered":"Blog"},"content":{"rendered":"\n\n","protected":false},"excerpt":{"rendered":"","protected":false},"author":1,"featured_media":0,"parent":0,"menu_order":0,"comment_status":"closed","ping_status":"closed","template":"","meta":{"saved_in_kubio":true,"footnotes":""},"class_list":["post-9","page","type-page","status-publish","hentry"],"kubio_ai_page_context":{"short_desc":"","purpose":"general","isFrontPage":true},"yoast_head":"<!-- This site is optimized with the Yoast SEO plugin v27.2 - https:\/\/yoast.com\/product\/yoast-seo-wordpress\/ -->\n<title>Blog de Log\u00edstica en M\u00e9xico | Transporte Internacional y Cadena de Suministro - LANLogistics<\/title>\n<meta name=\"description\" content=\"Explora nuestro blog de log\u00edstica en M\u00e9xico con tendencias, comercio exterior, transporte internacional y estrategias para fortalecer tu cadena de suministro.\" \/>\n<meta name=\"robots\" content=\"index, follow, max-snippet:-1, max-image-preview:large, max-video-preview:-1\" \/>\n<link rel=\"canonical\" href=\"https:\/\/lanlogistics.com.mx\/blog\/\" \/>\n<meta property=\"og:locale\" content=\"es_ES\" \/>\n<meta property=\"og:type\" content=\"article\" \/>\n<meta property=\"og:title\" content=\"Blog de Log\u00edstica en M\u00e9xico | Transporte Internacional y Cadena de Suministro - LANLogistics\" \/>\n<meta property=\"og:description\" content=\"Explora nuestro blog de log\u00edstica en M\u00e9xico con tendencias, comercio exterior, transporte internacional y estrategias para fortalecer tu cadena de suministro.\" \/>\n<meta property=\"og:url\" content=\"https:\/\/lanlogistics.com.mx\/blog\/\" \/>\n<meta property=\"og:site_name\" content=\"Lanlogistics\" \/>\n<meta property=\"article:publisher\" content=\"https:\/\/www.facebook.com\/LANLogisticsDeMexico\/\" \/>\n<meta property=\"article:modified_time\" content=\"2026-02-25T20:21:31+00:00\" \/>\n<meta name=\"twitter:card\" content=\"summary_large_image\" \/>\n<meta name=\"twitter:title\" content=\"Blog de Log\u00edstica en M\u00e9xico | Transporte Internacional y Cadena de Suministro - LANLogistics\" \/>\n<meta name=\"twitter:description\" content=\"Explora nuestro blog de log\u00edstica en M\u00e9xico con tendencias, comercio exterior, transporte internacional y estrategias para fortalecer tu cadena de suministro.\" \/>\n<script type=\"application\/ld+json\" class=\"yoast-schema-graph\">{\"@context\":\"https:\/\/schema.org\",\"@graph\":[{\"@type\":\"WebPage\",\"@id\":\"https:\/\/lanlogistics.com.mx\/blog\/\",\"url\":\"https:\/\/lanlogistics.com.mx\/blog\/\",\"name\":\"Blog de Log\u00edstica en M\u00e9xico | Transporte Internacional y Cadena de Suministro - LANLogistics\",\"isPartOf\":{\"@id\":\"https:\/\/lanlogistics.com.mx\/blog\/#website\"},\"datePublished\":\"2026-02-03T17:38:25+00:00\",\"dateModified\":\"2026-02-25T20:21:31+00:00\",\"description\":\"Explora nuestro blog de log\u00edstica en M\u00e9xico con tendencias, comercio exterior, transporte internacional y estrategias para fortalecer tu cadena de suministro.\",\"breadcrumb\":{\"@id\":\"https:\/\/lanlogistics.com.mx\/blog\/#breadcrumb\"},\"inLanguage\":\"es\",\"potentialAction\":[{\"@type\":\"ReadAction\",\"target\":[\"https:\/\/lanlogistics.com.mx\/blog\/\"]}]},{\"@type\":\"BreadcrumbList\",\"@id\":\"https:\/\/lanlogistics.com.mx\/blog\/#breadcrumb\",\"itemListElement\":[{\"@type\":\"ListItem\",\"position\":1,\"name\":\"Portada\",\"item\":\"https:\/\/lanlogistics.com.mx\/blog\/\"},{\"@type\":\"ListItem\",\"position\":2,\"name\":\"Blog\"}]},{\"@type\":\"WebSite\",\"@id\":\"https:\/\/lanlogistics.com.mx\/blog\/#website\",\"url\":\"https:\/\/lanlogistics.com.mx\/blog\/\",\"name\":\"Lanlogistics\",\"description\":\"\",\"publisher\":{\"@id\":\"https:\/\/lanlogistics.com.mx\/blog\/#organization\"},\"potentialAction\":[{\"@type\":\"SearchAction\",\"target\":{\"@type\":\"EntryPoint\",\"urlTemplate\":\"https:\/\/lanlogistics.com.mx\/blog\/?s={search_term_string}\"},\"query-input\":{\"@type\":\"PropertyValueSpecification\",\"valueRequired\":true,\"valueName\":\"search_term_string\"}}],\"inLanguage\":\"es\"},{\"@type\":\"Organization\",\"@id\":\"https:\/\/lanlogistics.com.mx\/blog\/#organization\",\"name\":\"Lanlogistics\",\"url\":\"https:\/\/lanlogistics.com.mx\/blog\/\",\"logo\":{\"@type\":\"ImageObject\",\"inLanguage\":\"es\",\"@id\":\"https:\/\/lanlogistics.com.mx\/blog\/#\/schema\/logo\/image\/\",\"url\":\"https:\/\/lanlogistics.com.mx\/blog\/wp-content\/uploads\/2026\/02\/Logo_horizontal.png\",\"contentUrl\":\"https:\/\/lanlogistics.com.mx\/blog\/wp-content\/uploads\/2026\/02\/Logo_horizontal.png\",\"width\":1223,\"height\":287,\"caption\":\"Lanlogistics\"},\"image\":{\"@id\":\"https:\/\/lanlogistics.com.mx\/blog\/#\/schema\/logo\/image\/\"},\"sameAs\":[\"https:\/\/www.facebook.com\/LANLogisticsDeMexico\/\",\"https:\/\/www.linkedin.com\/company\/lanlogistics-de-m-xico\/posts\/?feedView=all\"]}]}<\/script>\n<!-- \/ Yoast SEO plugin. -->","yoast_head_json":{"title":"Blog de Log\u00edstica en M\u00e9xico | Transporte Internacional y Cadena de Suministro - LANLogistics","description":"Explora nuestro blog de log\u00edstica en M\u00e9xico con tendencias, comercio exterior, transporte internacional y estrategias para fortalecer tu cadena de suministro.","robots":{"index":"index","follow":"follow","max-snippet":"max-snippet:-1","max-image-preview":"max-image-preview:large","max-video-preview":"max-video-preview:-1"},"canonical":"https:\/\/lanlogistics.com.mx\/blog\/","og_locale":"es_ES","og_type":"article","og_title":"Blog de Log\u00edstica en M\u00e9xico | Transporte Internacional y Cadena de Suministro - LANLogistics","og_description":"Explora nuestro blog de log\u00edstica en M\u00e9xico con tendencias, comercio exterior, transporte internacional y estrategias para fortalecer tu cadena de suministro.","og_url":"https:\/\/lanlogistics.com.mx\/blog\/","og_site_name":"Lanlogistics","article_publisher":"https:\/\/www.facebook.com\/LANLogisticsDeMexico\/","article_modified_time":"2026-02-25T20:21:31+00:00","twitter_card":"summary_large_image","twitter_title":"Blog de Log\u00edstica en M\u00e9xico | Transporte Internacional y Cadena de Suministro - LANLogistics","twitter_description":"Explora nuestro blog de log\u00edstica en M\u00e9xico con tendencias, comercio exterior, transporte internacional y estrategias para fortalecer tu cadena de suministro.","schema":{"@context":"https:\/\/schema.org","@graph":[{"@type":"WebPage","@id":"https:\/\/lanlogistics.com.mx\/blog\/","url":"https:\/\/lanlogistics.com.mx\/blog\/","name":"Blog de Log\u00edstica en M\u00e9xico | Transporte Internacional y Cadena de Suministro - LANLogistics","isPartOf":{"@id":"https:\/\/lanlogistics.com.mx\/blog\/#website"},"datePublished":"2026-02-03T17:38:25+00:00","dateModified":"2026-02-25T20:21:31+00:00","description":"Explora nuestro blog de log\u00edstica en M\u00e9xico con tendencias, comercio exterior, transporte internacional y estrategias para fortalecer tu cadena de suministro.","breadcrumb":{"@id":"https:\/\/lanlogistics.com.mx\/blog\/#breadcrumb"},"inLanguage":"es","potentialAction":[{"@type":"ReadAction","target":["https:\/\/lanlogistics.com.mx\/blog\/"]}]},{"@type":"BreadcrumbList","@id":"https:\/\/lanlogistics.com.mx\/blog\/#breadcrumb","itemListElement":[{"@type":"ListItem","position":1,"name":"Portada","item":"https:\/\/lanlogistics.com.mx\/blog\/"},{"@type":"ListItem","position":2,"name":"Blog"}]},{"@type":"WebSite","@id":"https:\/\/lanlogistics.com.mx\/blog\/#website","url":"https:\/\/lanlogistics.com.mx\/blog\/","name":"Lanlogistics","description":"","publisher":{"@id":"https:\/\/lanlogistics.com.mx\/blog\/#organization"},"potentialAction":[{"@type":"SearchAction","target":{"@type":"EntryPoint","urlTemplate":"https:\/\/lanlogistics.com.mx\/blog\/?s={search_term_string}"},"query-input":{"@type":"PropertyValueSpecification","valueRequired":true,"valueName":"search_term_string"}}],"inLanguage":"es"},{"@type":"Organization","@id":"https:\/\/lanlogistics.com.mx\/blog\/#organization","name":"Lanlogistics","url":"https:\/\/lanlogistics.com.mx\/blog\/","logo":{"@type":"ImageObject","inLanguage":"es","@id":"https:\/\/lanlogistics.com.mx\/blog\/#\/schema\/logo\/image\/","url":"https:\/\/lanlogistics.com.mx\/blog\/wp-content\/uploads\/2026\/02\/Logo_horizontal.png","contentUrl":"https:\/\/lanlogistics.com.mx\/blog\/wp-content\/uploads\/2026\/02\/Logo_horizontal.png","width":1223,"height":287,"caption":"Lanlogistics"},"image":{"@id":"https:\/\/lanlogistics.com.mx\/blog\/#\/schema\/logo\/image\/"},"sameAs":["https:\/\/www.facebook.com\/LANLogisticsDeMexico\/","https:\/\/www.linkedin.com\/company\/lanlogistics-de-m-xico\/posts\/?feedView=all"]}]}},"_links":{"self":[{"href":"https:\/\/lanlogistics.com.mx\/blog\/index.php\/wp-json\/wp\/v2\/pages\/9","targetHints":{"allow":["GET"]}}],"collection":[{"href":"https:\/\/lanlogistics.com.mx\/blog\/index.php\/wp-json\/wp\/v2\/pages"}],"about":[{"href":"https:\/\/lanlogistics.com.mx\/blog\/index.php\/wp-json\/wp\/v2\/types\/page"}],"author":[{"embeddable":true,"href":"https:\/\/lanlogistics.com.mx\/blog\/index.php\/wp-json\/wp\/v2\/users\/1"}],"replies":[{"embeddable":true,"href":"https:\/\/lanlogistics.com.mx\/blog\/index.php\/wp-json\/wp\/v2\/comments?post=9"}],"version-history":[{"count":13,"href":"https:\/\/lanlogistics.com.mx\/blog\/index.php\/wp-json\/wp\/v2\/pages\/9\/revisions"}],"predecessor-version":[{"id":168,"href":"https:\/\/lanlogistics.com.mx\/blog\/index.php\/wp-json\/wp\/v2\/pages\/9\/revisions\/168"}],"wp:attachment":[{"href":"https:\/\/lanlogistics.com.mx\/blog\/index.php\/wp-json\/wp\/v2\/media?parent=9"}],"curies":[{"name":"wp","href":"https:\/\/api.w.org\/{rel}","templated":true}]}}